{"id":962,"date":"2020-06-03T15:13:49","date_gmt":"2020-06-03T15:13:49","guid":{"rendered":"http:\/\/euroguaina.com\/index.php\/antiradice-el-c\/"},"modified":"2020-06-03T15:14:16","modified_gmt":"2020-06-03T15:14:16","slug":"antiradice-el-c","status":"publish","type":"page","link":"http:\/\/euroguaina.com\/index.php\/antiradice-el-c\/?lang=it","title":{"rendered":"Antiradice EL C"},"content":{"rendered":"<p>[vc_row][vc_column width=&#8221;1\/2&#8243;][vc_row_inner][vc_column_inner width=&#8221;2\/3&#8243;][vc_single_image image=&#8221;952&#8243; img_size=&#8221;full&#8221; alignment=&#8221;center&#8221;][\/vc_column_inner][vc_column_inner width=&#8221;1\/3&#8243;][vc_single_image image=&#8221;954&#8243; img_size=&#8221;full&#8221; alignment=&#8221;center&#8221;][\/vc_column_inner][\/vc_row_inner][\/vc_column][vc_column width=&#8221;1\/2&#8243;][vc_custom_heading text=&#8221;Antiradice EL C&#8221; font_container=&#8221;tag:h3|text_align:left&#8221; use_theme_fonts=&#8221;yes&#8221;][vc_empty_space height=&#8221;10px&#8221;][vc_column_text]ANTIRADICE EL C\u00a0\u00e8 una membrana elastoplastomerica impermeabile prefabbricata, ad elevate prestazioni, costituita da un compound a base di bitume distillato, distillato modificato con polipropilene e resine, e da un\u2019armatura in non tessuto di poliestere da filo continuo di elevata grammatura, rinforzato e stabilizzato con rete in fili di vetro bidirezionali. Il particolare tipo di compound e le elevate caratteristiche meccaniche dell\u2019armatura (ottimi allungamenti, notevoli resistenze alla trazione) rendono queste membrane adatte agli impieghi di lavoro pi\u00f9 gravosi. La particolare formulazione conferisce caratteristiche uniche di flessibilit\u00e0 alle basse temperature (flessibilit\u00e0 a freddo -15 \u00b0C). Il compound \u00e8 additivato con PREVENTOL\u00ae B2 della LANXESS, un prodotto che agisce da barriera chimica contro la perforazione della membrana da parte delle radici vegetali, garantendone l\u2019impermeabilit\u00e0. Il ricercato compound dell\u2019ANTIRADICE EL C assicura alla membrana ottime caratteristiche di flessibilit\u00e0 alle basse temperature e la tecnologia d\u2019avanguardia con la quale questa viene prodotta offre una garanzia di qualit\u00e0 superiore.[\/vc_column_text][vc_custom_heading text=&#8221;Dokumentet e bashkangjitura:&#8221; font_container=&#8221;tag:h3|text_align:left&#8221; use_theme_fonts=&#8221;yes&#8221;][vc_row_inner][vc_column_inner]<div class=\"aio-icon-component    style_1\"><a class=\"aio-icon-box-link\" href=\"\/wp-content\/uploads\/2020\/06\/50153_Antiradice_EL_C_07_19_rev_1_ITA.pdf\" target=\"_blank\" rel=\"noopener\" ><div id=\"Info-box-wrap-9474\" class=\"aio-icon-box default-icon\" style=\"\"  ><div class=\"aio-icon-default\"><div class=\"ult-just-icon-wrapper  \"><div class=\"align-icon\" style=\"text-align:center;\">\n<div class=\"aio-icon-img \" style=\"font-size:50px;display:inline-block;\" >\n\t<img decoding=\"async\" class=\"img-icon\" alt=\"null\" src=\"http:\/\/euroguaina.com\/wp-content\/uploads\/2020\/05\/PDF-Download-button.png\"\/>\n<\/div><\/div><\/div><\/div><div class=\"aio-icon-header\" ><h3 class=\"aio-icon-title ult-responsive\"  data-ultimate-target='#Info-box-wrap-9474 .aio-icon-title'  data-responsive-json-new='{\"font-size\":\"\",\"line-height\":\"\"}'  style=\"\">Skeda teknike<\/h3><\/div> <!-- header --><\/div> <!-- aio-icon-box --><\/a><\/div> <!-- aio-icon-component --><div class=\"aio-icon-component    style_1\"><a class=\"aio-icon-box-link\" href=\"\/wp-content\/uploads\/2020\/06\/IPL_CE-DOP_50153_EN-13707_IT_1_1.pdf\" target=\"_blank\" rel=\"noopener\" ><div id=\"Info-box-wrap-7208\" class=\"aio-icon-box default-icon\" style=\"\"  ><div class=\"aio-icon-default\"><div class=\"ult-just-icon-wrapper  \"><div class=\"align-icon\" style=\"text-align:center;\">\n<div class=\"aio-icon-img \" style=\"font-size:50px;display:inline-block;\" >\n\t<img decoding=\"async\" class=\"img-icon\" alt=\"null\" src=\"http:\/\/euroguaina.com\/wp-content\/uploads\/2020\/05\/PDF-Download-button.png\"\/>\n<\/div><\/div><\/div><\/div><div class=\"aio-icon-header\" ><h3 class=\"aio-icon-title ult-responsive\"  data-ultimate-target='#Info-box-wrap-7208 .aio-icon-title'  data-responsive-json-new='{\"font-size\":\"\",\"line-height\":\"\"}'  style=\"\">Dichiarazione di prestazione<\/h3><\/div> <!-- header --><\/div> <!-- aio-icon-box --><\/a><\/div> <!-- aio-icon-component -->[vc_column_text][\/vc_column_text][\/vc_column_inner][\/vc_row_inner][\/vc_column][\/vc_row]<\/p>\n","protected":false},"excerpt":{"rendered":"<p>[vc_row][vc_column width=&#8221;1\/2&#8243;][vc_row_inner][vc_column_inner width=&#8221;2\/3&#8243;][vc_single_image image=&#8221;952&#8243; img_size=&#8221;full&#8221; alignment=&#8221;center&#8221;][\/vc_column_inner][vc_column_inner width=&#8221;1\/3&#8243;][vc_single_image image=&#8221;954&#8243; img_size=&#8221;full&#8221; alignment=&#8221;center&#8221;][\/vc_column_inner][\/vc_row_inner][\/vc_column][vc_column width=&#8221;1\/2&#8243;][vc_custom_heading text=&#8221;Antiradice EL C&#8221; font_container=&#8221;tag:h3|text_align:left&#8221; use_theme_fonts=&#8221;yes&#8221;][vc_empty_space height=&#8221;10px&#8221;][vc_column_text]ANTIRADICE EL C\u00a0\u00e8 una membrana elastoplastomerica impermeabile prefabbricata, ad elevate prestazioni, costituita da un compound a base di bitume distillato, distillato modificato con polipropilene e resine, e da un\u2019armatura in non tessuto di poliestere da filo continuo di elevata&hellip;<\/p>\n","protected":false},"author":1,"featured_media":0,"parent":0,"menu_order":0,"comment_status":"closed","ping_status":"closed","template":"","meta":{"footnotes":""},"yoast_head":"<!-- This site is optimized with the Yoast SEO plugin v23.5 - https:\/\/yoast.com\/wordpress\/plugins\/seo\/ -->\n<title>Antiradice EL C - Materiale Hidro Termo-Izoluese. Euro Guaina Shpk<\/title>\n<meta name=\"description\" content=\"Euro Guaina Shpk. Materiale Hidro Izoluese. Materiale Termo Hizoluese. PVC &amp; TPO. Shitje me Shumic edhe Pakice. Ju Mirepresim!\" \/>\n<meta name=\"robots\" content=\"index, follow, max-snippet:-1, max-image-preview:large, max-video-preview:-1\" \/>\n<link rel=\"canonical\" href=\"https:\/\/euroguaina.com\/index.php\/antiradice-el-c\/\" \/>\n<meta property=\"og:locale\" content=\"sq_AL\" \/>\n<meta property=\"og:type\" content=\"article\" \/>\n<meta property=\"og:title\" content=\"Antiradice EL C - Materiale Hidro Termo-Izoluese. Euro Guaina Shpk\" \/>\n<meta property=\"og:description\" content=\"Euro Guaina Shpk. Materiale Hidro Izoluese. Materiale Termo Hizoluese. PVC &amp; TPO. Shitje me Shumic edhe Pakice. Ju Mirepresim!\" \/>\n<meta property=\"og:url\" content=\"https:\/\/euroguaina.com\/index.php\/antiradice-el-c\/?lang=it\" \/>\n<meta property=\"og:site_name\" content=\"Materiale Hidro Termo-Izoluese. Euro Guaina Shpk\" \/>\n<meta property=\"article:modified_time\" content=\"2020-06-03T15:14:16+00:00\" \/>\n<meta name=\"twitter:card\" content=\"summary_large_image\" \/>\n<meta name=\"twitter:label1\" content=\"Est. reading time\" \/>\n\t<meta name=\"twitter:data1\" content=\"2 minutes\" \/>\n<script type=\"application\/ld+json\" class=\"yoast-schema-graph\">{\"@context\":\"https:\/\/schema.org\",\"@graph\":[{\"@type\":\"WebPage\",\"@id\":\"https:\/\/euroguaina.com\/index.php\/antiradice-el-c\/?lang=it\",\"url\":\"https:\/\/euroguaina.com\/index.php\/antiradice-el-c\/?lang=it\",\"name\":\"Antiradice EL C - Materiale Hidro Termo-Izoluese. Euro Guaina Shpk\",\"isPartOf\":{\"@id\":\"http:\/\/euroguaina.com\/#website\"},\"datePublished\":\"2020-06-03T15:13:49+00:00\",\"dateModified\":\"2020-06-03T15:14:16+00:00\",\"description\":\"Euro Guaina Shpk. Materiale Hidro Izoluese. Materiale Termo Hizoluese. PVC & TPO. Shitje me Shumic edhe Pakice. Ju Mirepresim!\",\"breadcrumb\":{\"@id\":\"https:\/\/euroguaina.com\/index.php\/antiradice-el-c\/?lang=it#breadcrumb\"},\"inLanguage\":\"sq-AL\",\"potentialAction\":[{\"@type\":\"ReadAction\",\"target\":[\"https:\/\/euroguaina.com\/index.php\/antiradice-el-c\/?lang=it\"]}]},{\"@type\":\"BreadcrumbList\",\"@id\":\"https:\/\/euroguaina.com\/index.php\/antiradice-el-c\/?lang=it#breadcrumb\",\"itemListElement\":[{\"@type\":\"ListItem\",\"position\":1,\"name\":\"Home\",\"item\":\"http:\/\/euroguaina.com\/\"},{\"@type\":\"ListItem\",\"position\":2,\"name\":\"Antiradice EL C\"}]},{\"@type\":\"WebSite\",\"@id\":\"http:\/\/euroguaina.com\/#website\",\"url\":\"http:\/\/euroguaina.com\/\",\"name\":\"Materiale Hidro Termo-Izoluese. Euro Guaina Shpk\",\"description\":\"Materiale PVC &amp; TPO, Membrana Bituminoze, Aksesore izolues, Aksesore Termoizolues\",\"publisher\":{\"@id\":\"http:\/\/euroguaina.com\/#organization\"},\"potentialAction\":[{\"@type\":\"SearchAction\",\"target\":{\"@type\":\"EntryPoint\",\"urlTemplate\":\"http:\/\/euroguaina.com\/?s={search_term_string}\"},\"query-input\":{\"@type\":\"PropertyValueSpecification\",\"valueRequired\":true,\"valueName\":\"search_term_string\"}}],\"inLanguage\":\"sq-AL\"},{\"@type\":\"Organization\",\"@id\":\"http:\/\/euroguaina.com\/#organization\",\"name\":\"Materiale Hidro Termo-Izoluese. Euro Guaina Shpk\",\"url\":\"http:\/\/euroguaina.com\/\",\"logo\":{\"@type\":\"ImageObject\",\"inLanguage\":\"sq-AL\",\"@id\":\"http:\/\/euroguaina.com\/#\/schema\/logo\/image\/\",\"url\":\"http:\/\/euroguaina.com\/wp-content\/uploads\/2020\/05\/logo.png\",\"contentUrl\":\"http:\/\/euroguaina.com\/wp-content\/uploads\/2020\/05\/logo.png\",\"width\":447,\"height\":90,\"caption\":\"Materiale Hidro Termo-Izoluese. Euro Guaina Shpk\"},\"image\":{\"@id\":\"http:\/\/euroguaina.com\/#\/schema\/logo\/image\/\"},\"sameAs\":[\"https:\/\/instagram.com\/euroguaina\"]}]}<\/script>\n<!-- \/ Yoast SEO plugin. -->","yoast_head_json":{"title":"Antiradice EL C - Materiale Hidro Termo-Izoluese. Euro Guaina Shpk","description":"Euro Guaina Shpk. Materiale Hidro Izoluese. Materiale Termo Hizoluese. PVC & TPO. Shitje me Shumic edhe Pakice. Ju Mirepresim!","robots":{"index":"index","follow":"follow","max-snippet":"max-snippet:-1","max-image-preview":"max-image-preview:large","max-video-preview":"max-video-preview:-1"},"canonical":"https:\/\/euroguaina.com\/index.php\/antiradice-el-c\/","og_locale":"sq_AL","og_type":"article","og_title":"Antiradice EL C - Materiale Hidro Termo-Izoluese. Euro Guaina Shpk","og_description":"Euro Guaina Shpk. Materiale Hidro Izoluese. Materiale Termo Hizoluese. PVC & TPO. Shitje me Shumic edhe Pakice. Ju Mirepresim!","og_url":"https:\/\/euroguaina.com\/index.php\/antiradice-el-c\/?lang=it","og_site_name":"Materiale Hidro Termo-Izoluese. Euro Guaina Shpk","article_modified_time":"2020-06-03T15:14:16+00:00","twitter_card":"summary_large_image","twitter_misc":{"Est. reading time":"2 minutes"},"schema":{"@context":"https:\/\/schema.org","@graph":[{"@type":"WebPage","@id":"https:\/\/euroguaina.com\/index.php\/antiradice-el-c\/?lang=it","url":"https:\/\/euroguaina.com\/index.php\/antiradice-el-c\/?lang=it","name":"Antiradice EL C - Materiale Hidro Termo-Izoluese. Euro Guaina Shpk","isPartOf":{"@id":"http:\/\/euroguaina.com\/#website"},"datePublished":"2020-06-03T15:13:49+00:00","dateModified":"2020-06-03T15:14:16+00:00","description":"Euro Guaina Shpk. Materiale Hidro Izoluese. Materiale Termo Hizoluese. PVC & TPO. Shitje me Shumic edhe Pakice. Ju Mirepresim!","breadcrumb":{"@id":"https:\/\/euroguaina.com\/index.php\/antiradice-el-c\/?lang=it#breadcrumb"},"inLanguage":"sq-AL","potentialAction":[{"@type":"ReadAction","target":["https:\/\/euroguaina.com\/index.php\/antiradice-el-c\/?lang=it"]}]},{"@type":"BreadcrumbList","@id":"https:\/\/euroguaina.com\/index.php\/antiradice-el-c\/?lang=it#breadcrumb","itemListElement":[{"@type":"ListItem","position":1,"name":"Home","item":"http:\/\/euroguaina.com\/"},{"@type":"ListItem","position":2,"name":"Antiradice EL C"}]},{"@type":"WebSite","@id":"http:\/\/euroguaina.com\/#website","url":"http:\/\/euroguaina.com\/","name":"Materiale Hidro Termo-Izoluese. Euro Guaina Shpk","description":"Materiale PVC &amp; TPO, Membrana Bituminoze, Aksesore izolues, Aksesore Termoizolues","publisher":{"@id":"http:\/\/euroguaina.com\/#organization"},"potentialAction":[{"@type":"SearchAction","target":{"@type":"EntryPoint","urlTemplate":"http:\/\/euroguaina.com\/?s={search_term_string}"},"query-input":{"@type":"PropertyValueSpecification","valueRequired":true,"valueName":"search_term_string"}}],"inLanguage":"sq-AL"},{"@type":"Organization","@id":"http:\/\/euroguaina.com\/#organization","name":"Materiale Hidro Termo-Izoluese. Euro Guaina Shpk","url":"http:\/\/euroguaina.com\/","logo":{"@type":"ImageObject","inLanguage":"sq-AL","@id":"http:\/\/euroguaina.com\/#\/schema\/logo\/image\/","url":"http:\/\/euroguaina.com\/wp-content\/uploads\/2020\/05\/logo.png","contentUrl":"http:\/\/euroguaina.com\/wp-content\/uploads\/2020\/05\/logo.png","width":447,"height":90,"caption":"Materiale Hidro Termo-Izoluese. Euro Guaina Shpk"},"image":{"@id":"http:\/\/euroguaina.com\/#\/schema\/logo\/image\/"},"sameAs":["https:\/\/instagram.com\/euroguaina"]}]}},"_links":{"self":[{"href":"http:\/\/euroguaina.com\/index.php\/wp-json\/wp\/v2\/pages\/962"}],"collection":[{"href":"http:\/\/euroguaina.com\/index.php\/wp-json\/wp\/v2\/pages"}],"about":[{"href":"http:\/\/euroguaina.com\/index.php\/wp-json\/wp\/v2\/types\/page"}],"author":[{"embeddable":true,"href":"http:\/\/euroguaina.com\/index.php\/wp-json\/wp\/v2\/users\/1"}],"replies":[{"embeddable":true,"href":"http:\/\/euroguaina.com\/index.php\/wp-json\/wp\/v2\/comments?post=962"}],"version-history":[{"count":1,"href":"http:\/\/euroguaina.com\/index.php\/wp-json\/wp\/v2\/pages\/962\/revisions"}],"predecessor-version":[{"id":963,"href":"http:\/\/euroguaina.com\/index.php\/wp-json\/wp\/v2\/pages\/962\/revisions\/963"}],"wp:attachment":[{"href":"http:\/\/euroguaina.com\/index.php\/wp-json\/wp\/v2\/media?parent=962"}],"curies":[{"name":"wp","href":"https:\/\/api.w.org\/{rel}","templated":true}]}}