{"id":1071,"date":"2020-06-04T08:06:43","date_gmt":"2020-06-04T08:06:43","guid":{"rendered":"http:\/\/euroguaina.com\/?page_id=1071"},"modified":"2020-06-04T08:06:51","modified_gmt":"2020-06-04T08:06:51","slug":"idroplast-idroplast-antiradice","status":"publish","type":"page","link":"https:\/\/euroguaina.com\/index.php\/idroplast-idroplast-antiradice\/","title":{"rendered":"Idroplast &#8211; Idroplast Antiradice"},"content":{"rendered":"<p>[vc_row][vc_column width=&#8221;1\/2&#8243;][vc_row_inner][vc_column_inner width=&#8221;2\/3&#8243;][vc_single_image image=&#8221;1077&#8243; img_size=&#8221;full&#8221; alignment=&#8221;center&#8221;][\/vc_column_inner][vc_column_inner width=&#8221;1\/3&#8243;][vc_single_image image=&#8221;1079&#8243; img_size=&#8221;full&#8221; alignment=&#8221;center&#8221;][\/vc_column_inner][\/vc_row_inner][\/vc_column][vc_column width=&#8221;1\/2&#8243;][vc_custom_heading text=&#8221;Idroplast &#8211; Idroplast Antiradice&#8221; font_container=&#8221;tag:h3|text_align:left&#8221; use_theme_fonts=&#8221;yes&#8221;][vc_empty_space height=&#8221;10px&#8221;][vc_column_text]<\/p>\n<div class=\"col-xs-12 div-certificati hidden-xs hidden-sm\">\n<div class=\"txtl npa\">\n<div class=\"col-xs-12 div-certificati hidden-xs hidden-sm\">\n<div class=\"txtl npa\">\n<h4 class=\"tit-prodotti txtcxm\">Cilesi e garantuar:<\/h4>\n<div class=\"col-xs-1 col-md-1 media-left npl\"><\/div>\n<div class=\"col-xs-12 div-certificati hidden-xs hidden-sm\">\n<div class=\"col-xs-2 omt omb npl pad-right25 hidden-xs hidden-sm\"><img decoding=\"async\" title=\"Quality Certificate\" src=\"http:\/\/www.polyglass.com\/public\/COM\/Certificato\/small\/logo-quality.jpg\" alt=\"Quality Certificate\" \/> <img decoding=\"async\" title=\"Green Building Council ITALIA\" src=\"http:\/\/www.polyglass.com\/public\/COM\/Certificato\/small\/logo-green.jpg\" alt=\"Green Building Council ITALIA\" \/><\/div>\n<\/div>\n<div class=\"col-xs-12 npa document-txt pad-bottom15 pad-top15\"><strong>IDROPLAST<\/strong>\u00a0\u00e8 una membrana liquida bituminosa elastomerica in emulsione acquosa ottenuta dalla miscelazione di resine sintetiche con speciali bitumi e filler minerali. Una volta essiccata, la pasta \u00e8 caratterizzata da una buona elasticit\u00e0, adesione al supporto ed impermeabilit\u00e0 e conferisce ai manufatti trattati una elevatissima resistenza agli agenti atmosferici in genere. Le impermeabilizzazioni, realizzate con formulati elastobituminosi liquidi, trovano un utilizzo ottimale laddove risulta difficile l\u2019applicazione di membrane bituminose prefabbricate. Disponibile nella versione antiradice, IDROPLAST ANTIRADICE \u00e8 utile per il trattamento di fioriere di piccole dimensioni o complesse nella forma.<\/div>\n<\/div>\n<\/div>\n<\/div>\n<\/div>\n<p>[\/vc_column_text][vc_custom_heading text=&#8221;Dokumentet e bashkangjitura:&#8221; font_container=&#8221;tag:h3|text_align:left&#8221; use_theme_fonts=&#8221;yes&#8221;][vc_row_inner][vc_column_inner]<div class=\"aio-icon-component    style_1\"><a class=\"aio-icon-box-link\" href=\"\/wp-content\/uploads\/2020\/06\/Idroplast_Idroplast_antiradice_ITA_01_20.pdf\" target=\"_blank\" rel=\"noopener\" ><div id=\"Info-box-wrap-7560\" class=\"aio-icon-box default-icon\" style=\"\"  ><div class=\"aio-icon-default\"><div class=\"ult-just-icon-wrapper  \"><div class=\"align-icon\" style=\"text-align:center;\">\n<div class=\"aio-icon-img \" style=\"font-size:50px;display:inline-block;\" >\n\t<img decoding=\"async\" class=\"img-icon\" alt=\"null\" src=\"https:\/\/euroguaina.com\/wp-content\/uploads\/2020\/05\/PDF-Download-button.png\"\/>\n<\/div><\/div><\/div><\/div><div class=\"aio-icon-header\" ><h3 class=\"aio-icon-title ult-responsive\"  data-ultimate-target='#Info-box-wrap-7560 .aio-icon-title'  data-responsive-json-new='{\"font-size\":\"\",\"line-height\":\"\"}'  style=\"\">Skeda teknike<\/h3><\/div> <!-- header --><\/div> <!-- aio-icon-box --><\/a><\/div> <!-- aio-icon-component --><div class=\"aio-icon-component    style_1\"><a class=\"aio-icon-box-link\" href=\"\/wp-content\/uploads\/2020\/06\/IT_50047_fr_7LIDR_20170919090004PJ61.pdf\" target=\"_blank\" rel=\"noopener\" ><div id=\"Info-box-wrap-5403\" class=\"aio-icon-box default-icon\" style=\"\"  ><div class=\"aio-icon-default\"><div class=\"ult-just-icon-wrapper  \"><div class=\"align-icon\" style=\"text-align:center;\">\n<div class=\"aio-icon-img \" style=\"font-size:50px;display:inline-block;\" >\n\t<img decoding=\"async\" class=\"img-icon\" alt=\"null\" src=\"https:\/\/euroguaina.com\/wp-content\/uploads\/2020\/05\/PDF-Download-button.png\"\/>\n<\/div><\/div><\/div><\/div><div class=\"aio-icon-header\" ><h3 class=\"aio-icon-title ult-responsive\"  data-ultimate-target='#Info-box-wrap-5403 .aio-icon-title'  data-responsive-json-new='{\"font-size\":\"\",\"line-height\":\"\"}'  style=\"\">Scheda di sicurezza Idroplast<\/h3><\/div> <!-- header --><\/div> <!-- aio-icon-box --><\/a><\/div> <!-- aio-icon-component -->[vc_column_text][\/vc_column_text][\/vc_column_inner][\/vc_row_inner][\/vc_column][\/vc_row]<\/p>\n","protected":false},"excerpt":{"rendered":"<p>[vc_row][vc_column width=&#8221;1\/2&#8243;][vc_row_inner][vc_column_inner width=&#8221;2\/3&#8243;][vc_single_image image=&#8221;1077&#8243; img_size=&#8221;full&#8221; alignment=&#8221;center&#8221;][\/vc_column_inner][vc_column_inner width=&#8221;1\/3&#8243;][vc_single_image image=&#8221;1079&#8243; img_size=&#8221;full&#8221; alignment=&#8221;center&#8221;][\/vc_column_inner][\/vc_row_inner][\/vc_column][vc_column width=&#8221;1\/2&#8243;][vc_custom_heading text=&#8221;Idroplast &#8211; Idroplast Antiradice&#8221; font_container=&#8221;tag:h3|text_align:left&#8221; use_theme_fonts=&#8221;yes&#8221;][vc_empty_space height=&#8221;10px&#8221;][vc_column_text] Cilesi e garantuar: IDROPLAST\u00a0\u00e8 una membrana liquida bituminosa elastomerica in emulsione acquosa ottenuta dalla miscelazione di resine sintetiche con speciali bitumi e filler minerali. Una volta essiccata, la pasta \u00e8 caratterizzata da una buona elasticit\u00e0, adesione al&hellip;<\/p>\n","protected":false},"author":1,"featured_media":0,"parent":0,"menu_order":0,"comment_status":"closed","ping_status":"closed","template":"","meta":{"footnotes":""},"yoast_head":"<!-- This site is optimized with the Yoast SEO plugin v23.5 - https:\/\/yoast.com\/wordpress\/plugins\/seo\/ -->\n<title>Idroplast - Idroplast Antiradice - Materiale Hidro Termo-Izoluese. Euro Guaina Shpk<\/title>\n<meta name=\"description\" content=\"Euro Guaina Shpk. Materiale Hidro Izoluese. Materiale Termo Hizoluese. PVC &amp; TPO. Shitje me Shumic edhe Pakice. Ju Mirepresim!\" \/>\n<meta name=\"robots\" content=\"index, follow, max-snippet:-1, max-image-preview:large, max-video-preview:-1\" \/>\n<link rel=\"canonical\" href=\"http:\/\/euroguaina.com\/index.php\/idroplast-idroplast-antiradice\/\" \/>\n<meta property=\"og:locale\" content=\"sq_AL\" \/>\n<meta property=\"og:type\" content=\"article\" \/>\n<meta property=\"og:title\" content=\"Idroplast - Idroplast Antiradice - Materiale Hidro Termo-Izoluese. Euro Guaina Shpk\" \/>\n<meta property=\"og:description\" content=\"Euro Guaina Shpk. Materiale Hidro Izoluese. Materiale Termo Hizoluese. PVC &amp; TPO. Shitje me Shumic edhe Pakice. Ju Mirepresim!\" \/>\n<meta property=\"og:url\" content=\"http:\/\/euroguaina.com\/index.php\/idroplast-idroplast-antiradice\/\" \/>\n<meta property=\"og:site_name\" content=\"Materiale Hidro Termo-Izoluese. Euro Guaina Shpk\" \/>\n<meta property=\"article:modified_time\" content=\"2020-06-04T08:06:51+00:00\" \/>\n<meta property=\"og:image\" content=\"http:\/\/www.polyglass.com\/public\/COM\/Certificato\/small\/logo-quality.jpg\" \/>\n<meta name=\"twitter:card\" content=\"summary_large_image\" \/>\n<meta name=\"twitter:label1\" content=\"Est. reading time\" \/>\n\t<meta name=\"twitter:data1\" content=\"2 minutes\" \/>\n<script type=\"application\/ld+json\" class=\"yoast-schema-graph\">{\"@context\":\"https:\/\/schema.org\",\"@graph\":[{\"@type\":\"WebPage\",\"@id\":\"http:\/\/euroguaina.com\/index.php\/idroplast-idroplast-antiradice\/\",\"url\":\"http:\/\/euroguaina.com\/index.php\/idroplast-idroplast-antiradice\/\",\"name\":\"Idroplast - Idroplast Antiradice - Materiale Hidro Termo-Izoluese. Euro Guaina Shpk\",\"isPartOf\":{\"@id\":\"http:\/\/euroguaina.com\/#website\"},\"primaryImageOfPage\":{\"@id\":\"http:\/\/euroguaina.com\/index.php\/idroplast-idroplast-antiradice\/#primaryimage\"},\"image\":{\"@id\":\"http:\/\/euroguaina.com\/index.php\/idroplast-idroplast-antiradice\/#primaryimage\"},\"thumbnailUrl\":\"http:\/\/www.polyglass.com\/public\/COM\/Certificato\/small\/logo-quality.jpg\",\"datePublished\":\"2020-06-04T08:06:43+00:00\",\"dateModified\":\"2020-06-04T08:06:51+00:00\",\"description\":\"Euro Guaina Shpk. Materiale Hidro Izoluese. Materiale Termo Hizoluese. PVC & TPO. Shitje me Shumic edhe Pakice. Ju Mirepresim!\",\"breadcrumb\":{\"@id\":\"http:\/\/euroguaina.com\/index.php\/idroplast-idroplast-antiradice\/#breadcrumb\"},\"inLanguage\":\"sq-AL\",\"potentialAction\":[{\"@type\":\"ReadAction\",\"target\":[\"http:\/\/euroguaina.com\/index.php\/idroplast-idroplast-antiradice\/\"]}]},{\"@type\":\"ImageObject\",\"inLanguage\":\"sq-AL\",\"@id\":\"http:\/\/euroguaina.com\/index.php\/idroplast-idroplast-antiradice\/#primaryimage\",\"url\":\"http:\/\/www.polyglass.com\/public\/COM\/Certificato\/small\/logo-quality.jpg\",\"contentUrl\":\"http:\/\/www.polyglass.com\/public\/COM\/Certificato\/small\/logo-quality.jpg\"},{\"@type\":\"BreadcrumbList\",\"@id\":\"http:\/\/euroguaina.com\/index.php\/idroplast-idroplast-antiradice\/#breadcrumb\",\"itemListElement\":[{\"@type\":\"ListItem\",\"position\":1,\"name\":\"Home\",\"item\":\"http:\/\/euroguaina.com\/\"},{\"@type\":\"ListItem\",\"position\":2,\"name\":\"Idroplast &#8211; Idroplast Antiradice\"}]},{\"@type\":\"WebSite\",\"@id\":\"http:\/\/euroguaina.com\/#website\",\"url\":\"http:\/\/euroguaina.com\/\",\"name\":\"Materiale Hidro Termo-Izoluese. Euro Guaina Shpk\",\"description\":\"Materiale PVC &amp; TPO, Membrana Bituminoze, Aksesore izolues, Aksesore Termoizolues\",\"publisher\":{\"@id\":\"http:\/\/euroguaina.com\/#organization\"},\"potentialAction\":[{\"@type\":\"SearchAction\",\"target\":{\"@type\":\"EntryPoint\",\"urlTemplate\":\"http:\/\/euroguaina.com\/?s={search_term_string}\"},\"query-input\":{\"@type\":\"PropertyValueSpecification\",\"valueRequired\":true,\"valueName\":\"search_term_string\"}}],\"inLanguage\":\"sq-AL\"},{\"@type\":\"Organization\",\"@id\":\"http:\/\/euroguaina.com\/#organization\",\"name\":\"Materiale Hidro Termo-Izoluese. Euro Guaina Shpk\",\"url\":\"http:\/\/euroguaina.com\/\",\"logo\":{\"@type\":\"ImageObject\",\"inLanguage\":\"sq-AL\",\"@id\":\"http:\/\/euroguaina.com\/#\/schema\/logo\/image\/\",\"url\":\"http:\/\/euroguaina.com\/wp-content\/uploads\/2020\/05\/logo.png\",\"contentUrl\":\"http:\/\/euroguaina.com\/wp-content\/uploads\/2020\/05\/logo.png\",\"width\":447,\"height\":90,\"caption\":\"Materiale Hidro Termo-Izoluese. Euro Guaina Shpk\"},\"image\":{\"@id\":\"http:\/\/euroguaina.com\/#\/schema\/logo\/image\/\"},\"sameAs\":[\"https:\/\/instagram.com\/euroguaina\"]}]}<\/script>\n<!-- \/ Yoast SEO plugin. -->","yoast_head_json":{"title":"Idroplast - Idroplast Antiradice - Materiale Hidro Termo-Izoluese. Euro Guaina Shpk","description":"Euro Guaina Shpk. Materiale Hidro Izoluese. Materiale Termo Hizoluese. PVC & TPO. Shitje me Shumic edhe Pakice. Ju Mirepresim!","robots":{"index":"index","follow":"follow","max-snippet":"max-snippet:-1","max-image-preview":"max-image-preview:large","max-video-preview":"max-video-preview:-1"},"canonical":"http:\/\/euroguaina.com\/index.php\/idroplast-idroplast-antiradice\/","og_locale":"sq_AL","og_type":"article","og_title":"Idroplast - Idroplast Antiradice - Materiale Hidro Termo-Izoluese. Euro Guaina Shpk","og_description":"Euro Guaina Shpk. Materiale Hidro Izoluese. Materiale Termo Hizoluese. PVC & TPO. Shitje me Shumic edhe Pakice. Ju Mirepresim!","og_url":"http:\/\/euroguaina.com\/index.php\/idroplast-idroplast-antiradice\/","og_site_name":"Materiale Hidro Termo-Izoluese. Euro Guaina Shpk","article_modified_time":"2020-06-04T08:06:51+00:00","og_image":[{"url":"http:\/\/www.polyglass.com\/public\/COM\/Certificato\/small\/logo-quality.jpg"}],"twitter_card":"summary_large_image","twitter_misc":{"Est. reading time":"2 minutes"},"schema":{"@context":"https:\/\/schema.org","@graph":[{"@type":"WebPage","@id":"http:\/\/euroguaina.com\/index.php\/idroplast-idroplast-antiradice\/","url":"http:\/\/euroguaina.com\/index.php\/idroplast-idroplast-antiradice\/","name":"Idroplast - Idroplast Antiradice - Materiale Hidro Termo-Izoluese. Euro Guaina Shpk","isPartOf":{"@id":"http:\/\/euroguaina.com\/#website"},"primaryImageOfPage":{"@id":"http:\/\/euroguaina.com\/index.php\/idroplast-idroplast-antiradice\/#primaryimage"},"image":{"@id":"http:\/\/euroguaina.com\/index.php\/idroplast-idroplast-antiradice\/#primaryimage"},"thumbnailUrl":"http:\/\/www.polyglass.com\/public\/COM\/Certificato\/small\/logo-quality.jpg","datePublished":"2020-06-04T08:06:43+00:00","dateModified":"2020-06-04T08:06:51+00:00","description":"Euro Guaina Shpk. Materiale Hidro Izoluese. Materiale Termo Hizoluese. PVC & TPO. Shitje me Shumic edhe Pakice. Ju Mirepresim!","breadcrumb":{"@id":"http:\/\/euroguaina.com\/index.php\/idroplast-idroplast-antiradice\/#breadcrumb"},"inLanguage":"sq-AL","potentialAction":[{"@type":"ReadAction","target":["http:\/\/euroguaina.com\/index.php\/idroplast-idroplast-antiradice\/"]}]},{"@type":"ImageObject","inLanguage":"sq-AL","@id":"http:\/\/euroguaina.com\/index.php\/idroplast-idroplast-antiradice\/#primaryimage","url":"http:\/\/www.polyglass.com\/public\/COM\/Certificato\/small\/logo-quality.jpg","contentUrl":"http:\/\/www.polyglass.com\/public\/COM\/Certificato\/small\/logo-quality.jpg"},{"@type":"BreadcrumbList","@id":"http:\/\/euroguaina.com\/index.php\/idroplast-idroplast-antiradice\/#breadcrumb","itemListElement":[{"@type":"ListItem","position":1,"name":"Home","item":"http:\/\/euroguaina.com\/"},{"@type":"ListItem","position":2,"name":"Idroplast &#8211; Idroplast Antiradice"}]},{"@type":"WebSite","@id":"http:\/\/euroguaina.com\/#website","url":"http:\/\/euroguaina.com\/","name":"Materiale Hidro Termo-Izoluese. Euro Guaina Shpk","description":"Materiale PVC &amp; TPO, Membrana Bituminoze, Aksesore izolues, Aksesore Termoizolues","publisher":{"@id":"http:\/\/euroguaina.com\/#organization"},"potentialAction":[{"@type":"SearchAction","target":{"@type":"EntryPoint","urlTemplate":"http:\/\/euroguaina.com\/?s={search_term_string}"},"query-input":{"@type":"PropertyValueSpecification","valueRequired":true,"valueName":"search_term_string"}}],"inLanguage":"sq-AL"},{"@type":"Organization","@id":"http:\/\/euroguaina.com\/#organization","name":"Materiale Hidro Termo-Izoluese. Euro Guaina Shpk","url":"http:\/\/euroguaina.com\/","logo":{"@type":"ImageObject","inLanguage":"sq-AL","@id":"http:\/\/euroguaina.com\/#\/schema\/logo\/image\/","url":"http:\/\/euroguaina.com\/wp-content\/uploads\/2020\/05\/logo.png","contentUrl":"http:\/\/euroguaina.com\/wp-content\/uploads\/2020\/05\/logo.png","width":447,"height":90,"caption":"Materiale Hidro Termo-Izoluese. Euro Guaina Shpk"},"image":{"@id":"http:\/\/euroguaina.com\/#\/schema\/logo\/image\/"},"sameAs":["https:\/\/instagram.com\/euroguaina"]}]}},"_links":{"self":[{"href":"https:\/\/euroguaina.com\/index.php\/wp-json\/wp\/v2\/pages\/1071"}],"collection":[{"href":"https:\/\/euroguaina.com\/index.php\/wp-json\/wp\/v2\/pages"}],"about":[{"href":"https:\/\/euroguaina.com\/index.php\/wp-json\/wp\/v2\/types\/page"}],"author":[{"embeddable":true,"href":"https:\/\/euroguaina.com\/index.php\/wp-json\/wp\/v2\/users\/1"}],"replies":[{"embeddable":true,"href":"https:\/\/euroguaina.com\/index.php\/wp-json\/wp\/v2\/comments?post=1071"}],"version-history":[{"count":3,"href":"https:\/\/euroguaina.com\/index.php\/wp-json\/wp\/v2\/pages\/1071\/revisions"}],"predecessor-version":[{"id":1086,"href":"https:\/\/euroguaina.com\/index.php\/wp-json\/wp\/v2\/pages\/1071\/revisions\/1086"}],"wp:attachment":[{"href":"https:\/\/euroguaina.com\/index.php\/wp-json\/wp\/v2\/media?parent=1071"}],"curies":[{"name":"wp","href":"https:\/\/api.w.org\/{rel}","templated":true}]}}