{"id":164,"date":"2020-05-29T07:27:12","date_gmt":"2020-05-29T07:27:12","guid":{"rendered":"http:\/\/euroguaina.com\/?page_id=164"},"modified":"2020-06-02T12:21:08","modified_gmt":"2020-06-02T12:21:08","slug":"black-primer","status":"publish","type":"page","link":"https:\/\/euroguaina.com\/index.php\/black-primer\/","title":{"rendered":"Black Primer"},"content":{"rendered":"<p>[vc_row][vc_column width=&#8221;1\/2&#8243;][vc_single_image image=&#8221;166&#8243; img_size=&#8221;full&#8221; alignment=&#8221;center&#8221;][\/vc_column][vc_column width=&#8221;1\/2&#8243;][vc_empty_space height=&#8221;10px&#8221;][vc_custom_heading text=&#8221;Black Primer&#8221; font_container=&#8221;tag:h3|text_align:left&#8221; use_theme_fonts=&#8221;yes&#8221;][vc_empty_space height=&#8221;10px&#8221;][vc_column_text]\u00c8 una vernice bituminosa liquida a base solvente con elevate propriet\u00e0 di ancoraggio, antipolvere, impermeabilizzante e ottimo per saturare le porosit\u00e0 del cemento.<br \/>\nIl prodotto pu\u00f2 essere applicato prima della posa di membrane bituminose su superfici piane, curve, a falda inclinata o verticale, strutture metalliche, grondaie, canali, serbatoi, lamiere e per proteggere interrati in cemento.<\/p>\n<table border=\"0\" cellspacing=\"0\" cellpadding=\"0\">\n<tbody class=\"g-container\">\n<tr class=\"g-grid\">\n<td class=\"g-block size-20 table-title\">Formati<\/td>\n<td class=\"g-block size-19 table-text\">5 lt<\/td>\n<td class=\"g-block size-22 table-text\">10 lt<\/td>\n<td class=\"g-block size-22 table-text\">20 lt<\/td>\n<\/tr>\n<tr class=\"g-grid\">\n<td class=\"g-block size-20 table-title\">Pesha<\/td>\n<td class=\"g-block size-19 table-text\">4<\/td>\n<td class=\"g-block size-22 table-text\">Secchielli<\/td>\n<td class=\"g-block size-22 table-text\">Secchielli<\/td>\n<\/tr>\n<\/tbody>\n<\/table>\n<p>[\/vc_column_text][vc_custom_heading text=&#8221;Dokumentet e bashkangjitura:&#8221; font_container=&#8221;tag:h3|text_align:left&#8221; use_theme_fonts=&#8221;yes&#8221;][vc_row_inner][vc_column_inner]<div class=\"aio-icon-component    style_1\"><a class=\"aio-icon-box-link\" href=\"\/wp-content\/uploads\/2020\/05\/2222_black_Primer.pdf\" target=\"_blank\" rel=\"noopener\" ><div id=\"Info-box-wrap-3741\" class=\"aio-icon-box default-icon\" style=\"\"  ><div class=\"aio-icon-default\"><div class=\"ult-just-icon-wrapper  \"><div class=\"align-icon\" style=\"text-align:center;\">\n<div class=\"aio-icon-img \" style=\"font-size:50px;display:inline-block;\" >\n\t<img decoding=\"async\" class=\"img-icon\" alt=\"null\" src=\"https:\/\/euroguaina.com\/wp-content\/uploads\/2020\/05\/PDF-Download-button.png\"\/>\n<\/div><\/div><\/div><\/div><div class=\"aio-icon-header\" ><h3 class=\"aio-icon-title ult-responsive\"  data-ultimate-target='#Info-box-wrap-3741 .aio-icon-title'  data-responsive-json-new='{\"font-size\":\"\",\"line-height\":\"\"}'  style=\"\">Skeda teknike Black Primer vernice bituminosa<\/h3><\/div> <!-- header --><\/div> <!-- aio-icon-box --><\/a><\/div> <!-- aio-icon-component -->[vc_column_text][\/vc_column_text][\/vc_column_inner][\/vc_row_inner][\/vc_column][\/vc_row]<\/p>\n","protected":false},"excerpt":{"rendered":"<p>[vc_row][vc_column width=&#8221;1\/2&#8243;][vc_single_image image=&#8221;166&#8243; img_size=&#8221;full&#8221; alignment=&#8221;center&#8221;][\/vc_column][vc_column width=&#8221;1\/2&#8243;][vc_empty_space height=&#8221;10px&#8221;][vc_custom_heading text=&#8221;Black Primer&#8221; font_container=&#8221;tag:h3|text_align:left&#8221; use_theme_fonts=&#8221;yes&#8221;][vc_empty_space height=&#8221;10px&#8221;][vc_column_text]\u00c8 una vernice bituminosa liquida a base solvente con elevate propriet\u00e0 di ancoraggio, antipolvere, impermeabilizzante e ottimo per saturare le porosit\u00e0 del cemento. Il prodotto pu\u00f2 essere applicato prima della posa di membrane bituminose su superfici piane, curve, a falda inclinata o verticale, strutture&hellip;<\/p>\n","protected":false},"author":1,"featured_media":0,"parent":0,"menu_order":0,"comment_status":"closed","ping_status":"closed","template":"","meta":{"footnotes":""},"yoast_head":"<!-- This site is optimized with the Yoast SEO plugin v23.5 - https:\/\/yoast.com\/wordpress\/plugins\/seo\/ -->\n<title>Black Primer - Materiale Hidro Termo-Izoluese. Euro Guaina Shpk<\/title>\n<meta name=\"description\" content=\"Euro Guaina Shpk. Materiale Hidro Izoluese. Materiale Termo Hizoluese. PVC &amp; TPO. Shitje me Shumic edhe Pakice. Ju Mirepresim!\" \/>\n<meta name=\"robots\" content=\"index, follow, max-snippet:-1, max-image-preview:large, max-video-preview:-1\" \/>\n<link rel=\"canonical\" href=\"https:\/\/euroguaina.com\/index.php\/black-primer\/\" \/>\n<meta property=\"og:locale\" content=\"sq_AL\" \/>\n<meta property=\"og:type\" content=\"article\" \/>\n<meta property=\"og:title\" content=\"Black Primer - Materiale Hidro Termo-Izoluese. Euro Guaina Shpk\" \/>\n<meta property=\"og:description\" content=\"Euro Guaina Shpk. Materiale Hidro Izoluese. Materiale Termo Hizoluese. PVC &amp; TPO. Shitje me Shumic edhe Pakice. Ju Mirepresim!\" \/>\n<meta property=\"og:url\" content=\"https:\/\/euroguaina.com\/index.php\/black-primer\/\" \/>\n<meta property=\"og:site_name\" content=\"Materiale Hidro Termo-Izoluese. Euro Guaina Shpk\" \/>\n<meta property=\"article:modified_time\" content=\"2020-06-02T12:21:08+00:00\" \/>\n<meta name=\"twitter:card\" content=\"summary_large_image\" \/>\n<meta name=\"twitter:label1\" content=\"Est. reading time\" \/>\n\t<meta name=\"twitter:data1\" content=\"1 minute\" \/>\n<script type=\"application\/ld+json\" class=\"yoast-schema-graph\">{\"@context\":\"https:\/\/schema.org\",\"@graph\":[{\"@type\":\"WebPage\",\"@id\":\"https:\/\/euroguaina.com\/index.php\/black-primer\/\",\"url\":\"https:\/\/euroguaina.com\/index.php\/black-primer\/\",\"name\":\"Black Primer - Materiale Hidro Termo-Izoluese. Euro Guaina Shpk\",\"isPartOf\":{\"@id\":\"https:\/\/euroguaina.com\/#website\"},\"datePublished\":\"2020-05-29T07:27:12+00:00\",\"dateModified\":\"2020-06-02T12:21:08+00:00\",\"description\":\"Euro Guaina Shpk. Materiale Hidro Izoluese. Materiale Termo Hizoluese. PVC & TPO. Shitje me Shumic edhe Pakice. Ju Mirepresim!\",\"breadcrumb\":{\"@id\":\"https:\/\/euroguaina.com\/index.php\/black-primer\/#breadcrumb\"},\"inLanguage\":\"sq-AL\",\"potentialAction\":[{\"@type\":\"ReadAction\",\"target\":[\"https:\/\/euroguaina.com\/index.php\/black-primer\/\"]}]},{\"@type\":\"BreadcrumbList\",\"@id\":\"https:\/\/euroguaina.com\/index.php\/black-primer\/#breadcrumb\",\"itemListElement\":[{\"@type\":\"ListItem\",\"position\":1,\"name\":\"Home\",\"item\":\"https:\/\/euroguaina.com\/\"},{\"@type\":\"ListItem\",\"position\":2,\"name\":\"Black Primer\"}]},{\"@type\":\"WebSite\",\"@id\":\"https:\/\/euroguaina.com\/#website\",\"url\":\"https:\/\/euroguaina.com\/\",\"name\":\"Materiale Hidro Termo-Izoluese. Euro Guaina Shpk\",\"description\":\"Materiale PVC &amp; TPO, Membrana Bituminoze, Aksesore izolues, Aksesore Termoizolues\",\"publisher\":{\"@id\":\"https:\/\/euroguaina.com\/#organization\"},\"potentialAction\":[{\"@type\":\"SearchAction\",\"target\":{\"@type\":\"EntryPoint\",\"urlTemplate\":\"https:\/\/euroguaina.com\/?s={search_term_string}\"},\"query-input\":{\"@type\":\"PropertyValueSpecification\",\"valueRequired\":true,\"valueName\":\"search_term_string\"}}],\"inLanguage\":\"sq-AL\"},{\"@type\":\"Organization\",\"@id\":\"https:\/\/euroguaina.com\/#organization\",\"name\":\"Materiale Hidro Termo-Izoluese. Euro Guaina Shpk\",\"url\":\"https:\/\/euroguaina.com\/\",\"logo\":{\"@type\":\"ImageObject\",\"inLanguage\":\"sq-AL\",\"@id\":\"https:\/\/euroguaina.com\/#\/schema\/logo\/image\/\",\"url\":\"http:\/\/euroguaina.com\/wp-content\/uploads\/2020\/05\/logo.png\",\"contentUrl\":\"http:\/\/euroguaina.com\/wp-content\/uploads\/2020\/05\/logo.png\",\"width\":447,\"height\":90,\"caption\":\"Materiale Hidro Termo-Izoluese. Euro Guaina Shpk\"},\"image\":{\"@id\":\"https:\/\/euroguaina.com\/#\/schema\/logo\/image\/\"},\"sameAs\":[\"https:\/\/instagram.com\/euroguaina\"]}]}<\/script>\n<!-- \/ Yoast SEO plugin. -->","yoast_head_json":{"title":"Black Primer - Materiale Hidro Termo-Izoluese. Euro Guaina Shpk","description":"Euro Guaina Shpk. Materiale Hidro Izoluese. Materiale Termo Hizoluese. PVC & TPO. Shitje me Shumic edhe Pakice. Ju Mirepresim!","robots":{"index":"index","follow":"follow","max-snippet":"max-snippet:-1","max-image-preview":"max-image-preview:large","max-video-preview":"max-video-preview:-1"},"canonical":"https:\/\/euroguaina.com\/index.php\/black-primer\/","og_locale":"sq_AL","og_type":"article","og_title":"Black Primer - Materiale Hidro Termo-Izoluese. Euro Guaina Shpk","og_description":"Euro Guaina Shpk. Materiale Hidro Izoluese. Materiale Termo Hizoluese. PVC & TPO. Shitje me Shumic edhe Pakice. Ju Mirepresim!","og_url":"https:\/\/euroguaina.com\/index.php\/black-primer\/","og_site_name":"Materiale Hidro Termo-Izoluese. Euro Guaina Shpk","article_modified_time":"2020-06-02T12:21:08+00:00","twitter_card":"summary_large_image","twitter_misc":{"Est. reading time":"1 minute"},"schema":{"@context":"https:\/\/schema.org","@graph":[{"@type":"WebPage","@id":"https:\/\/euroguaina.com\/index.php\/black-primer\/","url":"https:\/\/euroguaina.com\/index.php\/black-primer\/","name":"Black Primer - Materiale Hidro Termo-Izoluese. Euro Guaina Shpk","isPartOf":{"@id":"https:\/\/euroguaina.com\/#website"},"datePublished":"2020-05-29T07:27:12+00:00","dateModified":"2020-06-02T12:21:08+00:00","description":"Euro Guaina Shpk. Materiale Hidro Izoluese. Materiale Termo Hizoluese. PVC & TPO. Shitje me Shumic edhe Pakice. Ju Mirepresim!","breadcrumb":{"@id":"https:\/\/euroguaina.com\/index.php\/black-primer\/#breadcrumb"},"inLanguage":"sq-AL","potentialAction":[{"@type":"ReadAction","target":["https:\/\/euroguaina.com\/index.php\/black-primer\/"]}]},{"@type":"BreadcrumbList","@id":"https:\/\/euroguaina.com\/index.php\/black-primer\/#breadcrumb","itemListElement":[{"@type":"ListItem","position":1,"name":"Home","item":"https:\/\/euroguaina.com\/"},{"@type":"ListItem","position":2,"name":"Black Primer"}]},{"@type":"WebSite","@id":"https:\/\/euroguaina.com\/#website","url":"https:\/\/euroguaina.com\/","name":"Materiale Hidro Termo-Izoluese. Euro Guaina Shpk","description":"Materiale PVC &amp; TPO, Membrana Bituminoze, Aksesore izolues, Aksesore Termoizolues","publisher":{"@id":"https:\/\/euroguaina.com\/#organization"},"potentialAction":[{"@type":"SearchAction","target":{"@type":"EntryPoint","urlTemplate":"https:\/\/euroguaina.com\/?s={search_term_string}"},"query-input":{"@type":"PropertyValueSpecification","valueRequired":true,"valueName":"search_term_string"}}],"inLanguage":"sq-AL"},{"@type":"Organization","@id":"https:\/\/euroguaina.com\/#organization","name":"Materiale Hidro Termo-Izoluese. Euro Guaina Shpk","url":"https:\/\/euroguaina.com\/","logo":{"@type":"ImageObject","inLanguage":"sq-AL","@id":"https:\/\/euroguaina.com\/#\/schema\/logo\/image\/","url":"http:\/\/euroguaina.com\/wp-content\/uploads\/2020\/05\/logo.png","contentUrl":"http:\/\/euroguaina.com\/wp-content\/uploads\/2020\/05\/logo.png","width":447,"height":90,"caption":"Materiale Hidro Termo-Izoluese. Euro Guaina Shpk"},"image":{"@id":"https:\/\/euroguaina.com\/#\/schema\/logo\/image\/"},"sameAs":["https:\/\/instagram.com\/euroguaina"]}]}},"_links":{"self":[{"href":"https:\/\/euroguaina.com\/index.php\/wp-json\/wp\/v2\/pages\/164"}],"collection":[{"href":"https:\/\/euroguaina.com\/index.php\/wp-json\/wp\/v2\/pages"}],"about":[{"href":"https:\/\/euroguaina.com\/index.php\/wp-json\/wp\/v2\/types\/page"}],"author":[{"embeddable":true,"href":"https:\/\/euroguaina.com\/index.php\/wp-json\/wp\/v2\/users\/1"}],"replies":[{"embeddable":true,"href":"https:\/\/euroguaina.com\/index.php\/wp-json\/wp\/v2\/comments?post=164"}],"version-history":[{"count":8,"href":"https:\/\/euroguaina.com\/index.php\/wp-json\/wp\/v2\/pages\/164\/revisions"}],"predecessor-version":[{"id":585,"href":"https:\/\/euroguaina.com\/index.php\/wp-json\/wp\/v2\/pages\/164\/revisions\/585"}],"wp:attachment":[{"href":"https:\/\/euroguaina.com\/index.php\/wp-json\/wp\/v2\/media?parent=164"}],"curies":[{"name":"wp","href":"https:\/\/api.w.org\/{rel}","templated":true}]}}