{"id":212,"date":"2020-05-29T08:34:17","date_gmt":"2020-05-29T08:34:17","guid":{"rendered":"http:\/\/euroguaina.com\/?page_id=212"},"modified":"2020-06-02T12:20:43","modified_gmt":"2020-06-02T12:20:43","slug":"trend-hs-p-5-kg-gray-gf-10m","status":"publish","type":"page","link":"https:\/\/euroguaina.com\/index.php\/trend-hs-p-5-kg-gray-gf-10m\/","title":{"rendered":"Trend HS P 5 kg Gray GF 10m"},"content":{"rendered":"<p>[vc_row][vc_column width=&#8221;1\/2&#8243;][vc_row_inner][vc_column_inner width=&#8221;2\/3&#8243;][vc_single_image image=&#8221;157&#8243; img_size=&#8221;full&#8221; alignment=&#8221;center&#8221;][\/vc_column_inner][vc_column_inner width=&#8221;1\/3&#8243;][vc_single_image image=&#8221;154&#8243; img_size=&#8221;full&#8221; alignment=&#8221;center&#8221;][\/vc_column_inner][\/vc_row_inner][\/vc_column][vc_column width=&#8221;1\/2&#8243;][vc_custom_heading text=&#8221;Trend HS P 5 kg Gray GF 10m&#8221; font_container=&#8221;tag:h3|text_align:left&#8221; use_theme_fonts=&#8221;yes&#8221;][vc_empty_space height=&#8221;10px&#8221;][vc_column_text]<strong>TREND HS<\/strong>\u00a0\u00e8 una membrana plastomerica impermeabile, prefabbricata, di buona qualit\u00e0. Realizzata con un compound a base di bitume distillato e modificato con POLIPROPILENE, sono dotate di una armatura in tessuto non tessuto di poliestere da fiocco stabilizzato e rinforzato con fili di vetro longitudinali. L\u2019armatura offre buone doti meccaniche e buoni allungamenti alla rottura. Il compound assicura rilevanti caratteristiche di flessibilit\u00e0 alle basse temperature. La qualit\u00e0 \u00e8 garantita dall\u2019applicazione di sofisticate tecnologie nella produzione. TREND HS \u00e8 una membrana realizzata secondo gli standard qualitativi imposti dalla tecnologia NAT\u00ae, l\u2019innovativo sistema produttivo mediante il quale avviene il controllo dell\u2019invecchiamento della matrice polimerica delle membrane bituminose.[\/vc_column_text][vc_custom_heading text=&#8221;Dokumentet e bashkangjitura:&#8221; font_container=&#8221;tag:h3|text_align:left&#8221; use_theme_fonts=&#8221;yes&#8221;][vc_row_inner][vc_column_inner]<div class=\"aio-icon-component    style_1\"><a class=\"aio-icon-box-link\" href=\"\/wp-content\/uploads\/2020\/05\/50176_Trend_HS_P_07_19_rev_1_ITA.pdf\" target=\"_blank\" rel=\"noopener\" ><div id=\"Info-box-wrap-2441\" class=\"aio-icon-box default-icon\" style=\"\"  ><div class=\"aio-icon-default\"><div class=\"ult-just-icon-wrapper  \"><div class=\"align-icon\" style=\"text-align:center;\">\n<div class=\"aio-icon-img \" style=\"font-size:50px;display:inline-block;\" >\n\t<img decoding=\"async\" class=\"img-icon\" alt=\"null\" src=\"https:\/\/euroguaina.com\/wp-content\/uploads\/2020\/05\/PDF-Download-button.png\"\/>\n<\/div><\/div><\/div><\/div><div class=\"aio-icon-header\" ><h3 class=\"aio-icon-title ult-responsive\"  data-ultimate-target='#Info-box-wrap-2441 .aio-icon-title'  data-responsive-json-new='{\"font-size\":\"\",\"line-height\":\"\"}'  style=\"\">Skeda teknike<\/h3><\/div> <!-- header --><\/div> <!-- aio-icon-box --><\/a><\/div> <!-- aio-icon-component -->[vc_column_text][\/vc_column_text][\/vc_column_inner][\/vc_row_inner][\/vc_column][\/vc_row]<\/p>\n","protected":false},"excerpt":{"rendered":"<p>[vc_row][vc_column width=&#8221;1\/2&#8243;][vc_row_inner][vc_column_inner width=&#8221;2\/3&#8243;][vc_single_image image=&#8221;157&#8243; img_size=&#8221;full&#8221; alignment=&#8221;center&#8221;][\/vc_column_inner][vc_column_inner width=&#8221;1\/3&#8243;][vc_single_image image=&#8221;154&#8243; img_size=&#8221;full&#8221; alignment=&#8221;center&#8221;][\/vc_column_inner][\/vc_row_inner][\/vc_column][vc_column width=&#8221;1\/2&#8243;][vc_custom_heading text=&#8221;Trend HS P 5 kg Gray GF 10m&#8221; font_container=&#8221;tag:h3|text_align:left&#8221; use_theme_fonts=&#8221;yes&#8221;][vc_empty_space height=&#8221;10px&#8221;][vc_column_text]TREND HS\u00a0\u00e8 una membrana plastomerica impermeabile, prefabbricata, di buona qualit\u00e0. Realizzata con un compound a base di bitume distillato e modificato con POLIPROPILENE, sono dotate di una armatura in tessuto non tessuto di poliestere&hellip;<\/p>\n","protected":false},"author":1,"featured_media":0,"parent":0,"menu_order":0,"comment_status":"closed","ping_status":"closed","template":"","meta":{"footnotes":""},"yoast_head":"<!-- This site is optimized with the Yoast SEO plugin v23.5 - https:\/\/yoast.com\/wordpress\/plugins\/seo\/ -->\n<title>Trend HS P 5 kg Gray GF 10m - Materiale Hidro Termo-Izoluese. Euro Guaina Shpk<\/title>\n<meta name=\"description\" content=\"Euro Guaina Shpk. Materiale Hidro Izoluese. Materiale Termo Hizoluese. PVC &amp; TPO. Shitje me Shumic edhe Pakice. Ju Mirepresim!\" \/>\n<meta name=\"robots\" content=\"index, follow, max-snippet:-1, max-image-preview:large, max-video-preview:-1\" \/>\n<link rel=\"canonical\" href=\"http:\/\/euroguaina.com\/index.php\/trend-hs-p-5-kg-gray-gf-10m\/\" \/>\n<meta property=\"og:locale\" content=\"sq_AL\" \/>\n<meta property=\"og:type\" content=\"article\" \/>\n<meta property=\"og:title\" content=\"Trend HS P 5 kg Gray GF 10m - Materiale Hidro Termo-Izoluese. Euro Guaina Shpk\" \/>\n<meta property=\"og:description\" content=\"Euro Guaina Shpk. Materiale Hidro Izoluese. Materiale Termo Hizoluese. PVC &amp; TPO. Shitje me Shumic edhe Pakice. Ju Mirepresim!\" \/>\n<meta property=\"og:url\" content=\"http:\/\/euroguaina.com\/index.php\/trend-hs-p-5-kg-gray-gf-10m\/\" \/>\n<meta property=\"og:site_name\" content=\"Materiale Hidro Termo-Izoluese. Euro Guaina Shpk\" \/>\n<meta property=\"article:modified_time\" content=\"2020-06-02T12:20:43+00:00\" \/>\n<meta name=\"twitter:card\" content=\"summary_large_image\" \/>\n<meta name=\"twitter:label1\" content=\"Est. reading time\" \/>\n\t<meta name=\"twitter:data1\" content=\"1 minute\" \/>\n<script type=\"application\/ld+json\" class=\"yoast-schema-graph\">{\"@context\":\"https:\/\/schema.org\",\"@graph\":[{\"@type\":\"WebPage\",\"@id\":\"http:\/\/euroguaina.com\/index.php\/trend-hs-p-5-kg-gray-gf-10m\/\",\"url\":\"http:\/\/euroguaina.com\/index.php\/trend-hs-p-5-kg-gray-gf-10m\/\",\"name\":\"Trend HS P 5 kg Gray GF 10m - Materiale Hidro Termo-Izoluese. Euro Guaina Shpk\",\"isPartOf\":{\"@id\":\"https:\/\/euroguaina.com\/#website\"},\"datePublished\":\"2020-05-29T08:34:17+00:00\",\"dateModified\":\"2020-06-02T12:20:43+00:00\",\"description\":\"Euro Guaina Shpk. Materiale Hidro Izoluese. Materiale Termo Hizoluese. PVC & TPO. Shitje me Shumic edhe Pakice. Ju Mirepresim!\",\"breadcrumb\":{\"@id\":\"http:\/\/euroguaina.com\/index.php\/trend-hs-p-5-kg-gray-gf-10m\/#breadcrumb\"},\"inLanguage\":\"sq-AL\",\"potentialAction\":[{\"@type\":\"ReadAction\",\"target\":[\"http:\/\/euroguaina.com\/index.php\/trend-hs-p-5-kg-gray-gf-10m\/\"]}]},{\"@type\":\"BreadcrumbList\",\"@id\":\"http:\/\/euroguaina.com\/index.php\/trend-hs-p-5-kg-gray-gf-10m\/#breadcrumb\",\"itemListElement\":[{\"@type\":\"ListItem\",\"position\":1,\"name\":\"Home\",\"item\":\"https:\/\/euroguaina.com\/\"},{\"@type\":\"ListItem\",\"position\":2,\"name\":\"Trend HS P 5 kg Gray GF 10m\"}]},{\"@type\":\"WebSite\",\"@id\":\"https:\/\/euroguaina.com\/#website\",\"url\":\"https:\/\/euroguaina.com\/\",\"name\":\"Materiale Hidro Termo-Izoluese. Euro Guaina Shpk\",\"description\":\"Materiale PVC &amp; TPO, Membrana Bituminoze, Aksesore izolues, Aksesore Termoizolues\",\"publisher\":{\"@id\":\"https:\/\/euroguaina.com\/#organization\"},\"potentialAction\":[{\"@type\":\"SearchAction\",\"target\":{\"@type\":\"EntryPoint\",\"urlTemplate\":\"https:\/\/euroguaina.com\/?s={search_term_string}\"},\"query-input\":{\"@type\":\"PropertyValueSpecification\",\"valueRequired\":true,\"valueName\":\"search_term_string\"}}],\"inLanguage\":\"sq-AL\"},{\"@type\":\"Organization\",\"@id\":\"https:\/\/euroguaina.com\/#organization\",\"name\":\"Materiale Hidro Termo-Izoluese. Euro Guaina Shpk\",\"url\":\"https:\/\/euroguaina.com\/\",\"logo\":{\"@type\":\"ImageObject\",\"inLanguage\":\"sq-AL\",\"@id\":\"https:\/\/euroguaina.com\/#\/schema\/logo\/image\/\",\"url\":\"http:\/\/euroguaina.com\/wp-content\/uploads\/2020\/05\/logo.png\",\"contentUrl\":\"http:\/\/euroguaina.com\/wp-content\/uploads\/2020\/05\/logo.png\",\"width\":447,\"height\":90,\"caption\":\"Materiale Hidro Termo-Izoluese. Euro Guaina Shpk\"},\"image\":{\"@id\":\"https:\/\/euroguaina.com\/#\/schema\/logo\/image\/\"},\"sameAs\":[\"https:\/\/instagram.com\/euroguaina\"]}]}<\/script>\n<!-- \/ Yoast SEO plugin. -->","yoast_head_json":{"title":"Trend HS P 5 kg Gray GF 10m - Materiale Hidro Termo-Izoluese. Euro Guaina Shpk","description":"Euro Guaina Shpk. Materiale Hidro Izoluese. Materiale Termo Hizoluese. PVC & TPO. Shitje me Shumic edhe Pakice. Ju Mirepresim!","robots":{"index":"index","follow":"follow","max-snippet":"max-snippet:-1","max-image-preview":"max-image-preview:large","max-video-preview":"max-video-preview:-1"},"canonical":"http:\/\/euroguaina.com\/index.php\/trend-hs-p-5-kg-gray-gf-10m\/","og_locale":"sq_AL","og_type":"article","og_title":"Trend HS P 5 kg Gray GF 10m - Materiale Hidro Termo-Izoluese. Euro Guaina Shpk","og_description":"Euro Guaina Shpk. Materiale Hidro Izoluese. Materiale Termo Hizoluese. PVC & TPO. Shitje me Shumic edhe Pakice. Ju Mirepresim!","og_url":"http:\/\/euroguaina.com\/index.php\/trend-hs-p-5-kg-gray-gf-10m\/","og_site_name":"Materiale Hidro Termo-Izoluese. Euro Guaina Shpk","article_modified_time":"2020-06-02T12:20:43+00:00","twitter_card":"summary_large_image","twitter_misc":{"Est. reading time":"1 minute"},"schema":{"@context":"https:\/\/schema.org","@graph":[{"@type":"WebPage","@id":"http:\/\/euroguaina.com\/index.php\/trend-hs-p-5-kg-gray-gf-10m\/","url":"http:\/\/euroguaina.com\/index.php\/trend-hs-p-5-kg-gray-gf-10m\/","name":"Trend HS P 5 kg Gray GF 10m - Materiale Hidro Termo-Izoluese. Euro Guaina Shpk","isPartOf":{"@id":"https:\/\/euroguaina.com\/#website"},"datePublished":"2020-05-29T08:34:17+00:00","dateModified":"2020-06-02T12:20:43+00:00","description":"Euro Guaina Shpk. Materiale Hidro Izoluese. Materiale Termo Hizoluese. PVC & TPO. Shitje me Shumic edhe Pakice. Ju Mirepresim!","breadcrumb":{"@id":"http:\/\/euroguaina.com\/index.php\/trend-hs-p-5-kg-gray-gf-10m\/#breadcrumb"},"inLanguage":"sq-AL","potentialAction":[{"@type":"ReadAction","target":["http:\/\/euroguaina.com\/index.php\/trend-hs-p-5-kg-gray-gf-10m\/"]}]},{"@type":"BreadcrumbList","@id":"http:\/\/euroguaina.com\/index.php\/trend-hs-p-5-kg-gray-gf-10m\/#breadcrumb","itemListElement":[{"@type":"ListItem","position":1,"name":"Home","item":"https:\/\/euroguaina.com\/"},{"@type":"ListItem","position":2,"name":"Trend HS P 5 kg Gray GF 10m"}]},{"@type":"WebSite","@id":"https:\/\/euroguaina.com\/#website","url":"https:\/\/euroguaina.com\/","name":"Materiale Hidro Termo-Izoluese. Euro Guaina Shpk","description":"Materiale PVC &amp; TPO, Membrana Bituminoze, Aksesore izolues, Aksesore Termoizolues","publisher":{"@id":"https:\/\/euroguaina.com\/#organization"},"potentialAction":[{"@type":"SearchAction","target":{"@type":"EntryPoint","urlTemplate":"https:\/\/euroguaina.com\/?s={search_term_string}"},"query-input":{"@type":"PropertyValueSpecification","valueRequired":true,"valueName":"search_term_string"}}],"inLanguage":"sq-AL"},{"@type":"Organization","@id":"https:\/\/euroguaina.com\/#organization","name":"Materiale Hidro Termo-Izoluese. Euro Guaina Shpk","url":"https:\/\/euroguaina.com\/","logo":{"@type":"ImageObject","inLanguage":"sq-AL","@id":"https:\/\/euroguaina.com\/#\/schema\/logo\/image\/","url":"http:\/\/euroguaina.com\/wp-content\/uploads\/2020\/05\/logo.png","contentUrl":"http:\/\/euroguaina.com\/wp-content\/uploads\/2020\/05\/logo.png","width":447,"height":90,"caption":"Materiale Hidro Termo-Izoluese. Euro Guaina Shpk"},"image":{"@id":"https:\/\/euroguaina.com\/#\/schema\/logo\/image\/"},"sameAs":["https:\/\/instagram.com\/euroguaina"]}]}},"_links":{"self":[{"href":"https:\/\/euroguaina.com\/index.php\/wp-json\/wp\/v2\/pages\/212"}],"collection":[{"href":"https:\/\/euroguaina.com\/index.php\/wp-json\/wp\/v2\/pages"}],"about":[{"href":"https:\/\/euroguaina.com\/index.php\/wp-json\/wp\/v2\/types\/page"}],"author":[{"embeddable":true,"href":"https:\/\/euroguaina.com\/index.php\/wp-json\/wp\/v2\/users\/1"}],"replies":[{"embeddable":true,"href":"https:\/\/euroguaina.com\/index.php\/wp-json\/wp\/v2\/comments?post=212"}],"version-history":[{"count":4,"href":"https:\/\/euroguaina.com\/index.php\/wp-json\/wp\/v2\/pages\/212\/revisions"}],"predecessor-version":[{"id":582,"href":"https:\/\/euroguaina.com\/index.php\/wp-json\/wp\/v2\/pages\/212\/revisions\/582"}],"wp:attachment":[{"href":"https:\/\/euroguaina.com\/index.php\/wp-json\/wp\/v2\/media?parent=212"}],"curies":[{"name":"wp","href":"https:\/\/api.w.org\/{rel}","templated":true}]}}