{"id":901,"date":"2020-06-03T14:36:05","date_gmt":"2020-06-03T14:36:05","guid":{"rendered":"http:\/\/euroguaina.com\/?page_id=901"},"modified":"2020-06-03T14:36:19","modified_gmt":"2020-06-03T14:36:19","slug":"adezive","status":"publish","type":"page","link":"https:\/\/euroguaina.com\/index.php\/adezive\/","title":{"rendered":"Adezive"},"content":{"rendered":"<p>[vc_row][vc_column width=&#8221;1\/2&#8243;][vc_single_image image=&#8221;904&#8243; img_size=&#8221;full&#8221; alignment=&#8221;center&#8221;][\/vc_column][vc_column width=&#8221;1\/2&#8243;][vc_custom_heading text=&#8221;Adezive&#8221; font_container=&#8221;tag:h3|text_align:left&#8221; use_theme_fonts=&#8221;yes&#8221;][vc_empty_space height=&#8221;10px&#8221;][vc_column_text]<strong>ADESO<\/strong><sup>\u00ae<\/sup>\u00a0\u00e8 un&#8217;innovativa membrana autoadesiva a base di bitume distillato polimero. Ideale per coperture in legno, sia piane che inclinate, con e senza isolamento termico, e per l&#8217;applicazione sui pannelli isolanti sensibili alla fiamma.<\/p>\n<p>I prodotti con tecnologia ADESO<sup>\u00ae<\/sup>\u00a0sono costituiti da un doppio compound: una mescola APP o SBS nel lato superiore esposto agli agenti atmosferici, ed una mescola altamente autoadesiva nel lato inferiore dell\u2019armatura di rinforzo.<\/p>\n<p>Le guaine impermeabilizzanti autoadesive con tecnologia ADESO<sup>\u00ae<\/sup>\u00a0rispondono alle necessit\u00e0 di sicurezza, velocit\u00e0 di realizzazione, versatilit\u00e0 d\u2019uso tipiche delle tecnologie costruttive moderne.[\/vc_column_text][vc_custom_heading text=&#8221;Dokumentet e bashkangjitura:&#8221; font_container=&#8221;tag:h3|text_align:left&#8221; use_theme_fonts=&#8221;yes&#8221;][vc_row_inner][vc_column_inner]<div class=\"aio-icon-component    style_1\"><a class=\"aio-icon-box-link\" href=\"\/wp-content\/uploads\/2020\/06\/Depliant_Perche_scegliere_Adeso_ITA_06_18.pdf\" target=\"_blank\" rel=\"noopener\" ><div id=\"Info-box-wrap-5468\" class=\"aio-icon-box default-icon\" style=\"\"  ><div class=\"aio-icon-default\"><div class=\"ult-just-icon-wrapper  \"><div class=\"align-icon\" style=\"text-align:center;\">\n<div class=\"aio-icon-img \" style=\"font-size:50px;display:inline-block;\" >\n\t<img decoding=\"async\" class=\"img-icon\" alt=\"null\" src=\"https:\/\/euroguaina.com\/wp-content\/uploads\/2020\/05\/PDF-Download-button.png\"\/>\n<\/div><\/div><\/div><\/div><div class=\"aio-icon-header\" ><h3 class=\"aio-icon-title ult-responsive\"  data-ultimate-target='#Info-box-wrap-5468 .aio-icon-title'  data-responsive-json-new='{\"font-size\":\"\",\"line-height\":\"\"}'  style=\"\">Scarica il depliant ``Perch\u00e8 scegliere ADESO``<\/h3><\/div> <!-- header --><\/div> <!-- aio-icon-box --><\/a><\/div> <!-- aio-icon-component --><div class=\"aio-icon-component    style_1\"><a class=\"aio-icon-box-link\" target=\"_blank\" rel=\"noopener\" ><div id=\"Info-box-wrap-9347\" class=\"aio-icon-box default-icon\" style=\"\"  ><div class=\"aio-icon-default\"><div class=\"ult-just-icon-wrapper  \"><div class=\"align-icon\" style=\"text-align:center;\">\n<div class=\"aio-icon-img \" style=\"font-size:50px;display:inline-block;\" >\n\t<img decoding=\"async\" class=\"img-icon\" alt=\"null\" src=\"https:\/\/euroguaina.com\/wp-content\/uploads\/2020\/05\/PDF-Download-button.png\"\/>\n<\/div><\/div><\/div><\/div><div class=\"aio-icon-header\" ><h3 class=\"aio-icon-title ult-responsive\"  data-ultimate-target='#Info-box-wrap-9347 .aio-icon-title'  data-responsive-json-new='{\"font-size\":\"\",\"line-height\":\"\"}'  style=\"\">Scarica il depliant<\/h3><\/div> <!-- header --><\/div> <!-- aio-icon-box --><\/a><\/div> <!-- aio-icon-component --><div class=\"aio-icon-component    style_1\"><a class=\"aio-icon-box-link\" href=\"\/wp-content\/uploads\/2020\/06\/Folder_Adeso04_17.pdf\" target=\"_blank\" rel=\"noopener\" ><div id=\"Info-box-wrap-5659\" class=\"aio-icon-box default-icon\" style=\"\"  ><div class=\"aio-icon-default\"><div class=\"ult-just-icon-wrapper  \"><div class=\"align-icon\" style=\"text-align:center;\">\n<div class=\"aio-icon-img \" style=\"font-size:50px;display:inline-block;\" >\n\t<img decoding=\"async\" class=\"img-icon\" alt=\"null\" src=\"https:\/\/euroguaina.com\/wp-content\/uploads\/2020\/05\/PDF-Download-button.png\"\/>\n<\/div><\/div><\/div><\/div><div class=\"aio-icon-header\" ><h3 class=\"aio-icon-title ult-responsive\"  data-ultimate-target='#Info-box-wrap-5659 .aio-icon-title'  data-responsive-json-new='{\"font-size\":\"\",\"line-height\":\"\"}'  style=\"\">Scarica la brochure<\/h3><\/div> <!-- header --><\/div> <!-- aio-icon-box --><\/a><\/div> <!-- aio-icon-component -->[vc_column_text][\/vc_column_text][\/vc_column_inner][\/vc_row_inner][\/vc_column][\/vc_row]<\/p>\n","protected":false},"excerpt":{"rendered":"<p>[vc_row][vc_column width=&#8221;1\/2&#8243;][vc_single_image image=&#8221;904&#8243; img_size=&#8221;full&#8221; alignment=&#8221;center&#8221;][\/vc_column][vc_column width=&#8221;1\/2&#8243;][vc_custom_heading text=&#8221;Adezive&#8221; font_container=&#8221;tag:h3|text_align:left&#8221; use_theme_fonts=&#8221;yes&#8221;][vc_empty_space height=&#8221;10px&#8221;][vc_column_text]ADESO\u00ae\u00a0\u00e8 un&#8217;innovativa membrana autoadesiva a base di bitume distillato polimero. Ideale per coperture in legno, sia piane che inclinate, con e senza isolamento termico, e per l&#8217;applicazione sui pannelli isolanti sensibili alla fiamma. I prodotti con tecnologia ADESO\u00ae\u00a0sono costituiti da un doppio compound: una mescola APP&hellip;<\/p>\n","protected":false},"author":1,"featured_media":0,"parent":0,"menu_order":0,"comment_status":"closed","ping_status":"closed","template":"","meta":{"footnotes":""},"yoast_head":"<!-- This site is optimized with the Yoast SEO plugin v23.5 - https:\/\/yoast.com\/wordpress\/plugins\/seo\/ -->\n<title>Adezive - Materiale Hidro Termo-Izoluese. Euro Guaina Shpk<\/title>\n<meta name=\"description\" content=\"Euro Guaina Shpk. Materiale Hidro Izoluese. Materiale Termo Hizoluese. PVC &amp; TPO. Shitje me Shumic edhe Pakice. Ju Mirepresim!\" \/>\n<meta name=\"robots\" content=\"index, follow, max-snippet:-1, max-image-preview:large, max-video-preview:-1\" \/>\n<link rel=\"canonical\" href=\"https:\/\/euroguaina.com\/index.php\/adezive\/\" \/>\n<meta property=\"og:locale\" content=\"sq_AL\" \/>\n<meta property=\"og:type\" content=\"article\" \/>\n<meta property=\"og:title\" content=\"Adezive - Materiale Hidro Termo-Izoluese. Euro Guaina Shpk\" \/>\n<meta property=\"og:description\" content=\"Euro Guaina Shpk. Materiale Hidro Izoluese. Materiale Termo Hizoluese. PVC &amp; TPO. Shitje me Shumic edhe Pakice. Ju Mirepresim!\" \/>\n<meta property=\"og:url\" content=\"https:\/\/euroguaina.com\/index.php\/adezive\/\" \/>\n<meta property=\"og:site_name\" content=\"Materiale Hidro Termo-Izoluese. Euro Guaina Shpk\" \/>\n<meta property=\"article:modified_time\" content=\"2020-06-03T14:36:19+00:00\" \/>\n<meta name=\"twitter:card\" content=\"summary_large_image\" \/>\n<meta name=\"twitter:label1\" content=\"Est. reading time\" \/>\n\t<meta name=\"twitter:data1\" content=\"2 minutes\" \/>\n<script type=\"application\/ld+json\" class=\"yoast-schema-graph\">{\"@context\":\"https:\/\/schema.org\",\"@graph\":[{\"@type\":\"WebPage\",\"@id\":\"https:\/\/euroguaina.com\/index.php\/adezive\/\",\"url\":\"https:\/\/euroguaina.com\/index.php\/adezive\/\",\"name\":\"Adezive - Materiale Hidro Termo-Izoluese. Euro Guaina Shpk\",\"isPartOf\":{\"@id\":\"http:\/\/euroguaina.com\/#website\"},\"datePublished\":\"2020-06-03T14:36:05+00:00\",\"dateModified\":\"2020-06-03T14:36:19+00:00\",\"description\":\"Euro Guaina Shpk. Materiale Hidro Izoluese. Materiale Termo Hizoluese. PVC & TPO. Shitje me Shumic edhe Pakice. Ju Mirepresim!\",\"breadcrumb\":{\"@id\":\"https:\/\/euroguaina.com\/index.php\/adezive\/#breadcrumb\"},\"inLanguage\":\"sq-AL\",\"potentialAction\":[{\"@type\":\"ReadAction\",\"target\":[\"https:\/\/euroguaina.com\/index.php\/adezive\/\"]}]},{\"@type\":\"BreadcrumbList\",\"@id\":\"https:\/\/euroguaina.com\/index.php\/adezive\/#breadcrumb\",\"itemListElement\":[{\"@type\":\"ListItem\",\"position\":1,\"name\":\"Home\",\"item\":\"http:\/\/euroguaina.com\/\"},{\"@type\":\"ListItem\",\"position\":2,\"name\":\"Adezive\"}]},{\"@type\":\"WebSite\",\"@id\":\"http:\/\/euroguaina.com\/#website\",\"url\":\"http:\/\/euroguaina.com\/\",\"name\":\"Materiale Hidro Termo-Izoluese. Euro Guaina Shpk\",\"description\":\"Materiale PVC &amp; TPO, Membrana Bituminoze, Aksesore izolues, Aksesore Termoizolues\",\"publisher\":{\"@id\":\"http:\/\/euroguaina.com\/#organization\"},\"potentialAction\":[{\"@type\":\"SearchAction\",\"target\":{\"@type\":\"EntryPoint\",\"urlTemplate\":\"http:\/\/euroguaina.com\/?s={search_term_string}\"},\"query-input\":{\"@type\":\"PropertyValueSpecification\",\"valueRequired\":true,\"valueName\":\"search_term_string\"}}],\"inLanguage\":\"sq-AL\"},{\"@type\":\"Organization\",\"@id\":\"http:\/\/euroguaina.com\/#organization\",\"name\":\"Materiale Hidro Termo-Izoluese. Euro Guaina Shpk\",\"url\":\"http:\/\/euroguaina.com\/\",\"logo\":{\"@type\":\"ImageObject\",\"inLanguage\":\"sq-AL\",\"@id\":\"http:\/\/euroguaina.com\/#\/schema\/logo\/image\/\",\"url\":\"http:\/\/euroguaina.com\/wp-content\/uploads\/2020\/05\/logo.png\",\"contentUrl\":\"http:\/\/euroguaina.com\/wp-content\/uploads\/2020\/05\/logo.png\",\"width\":447,\"height\":90,\"caption\":\"Materiale Hidro Termo-Izoluese. Euro Guaina Shpk\"},\"image\":{\"@id\":\"http:\/\/euroguaina.com\/#\/schema\/logo\/image\/\"},\"sameAs\":[\"https:\/\/instagram.com\/euroguaina\"]}]}<\/script>\n<!-- \/ Yoast SEO plugin. -->","yoast_head_json":{"title":"Adezive - Materiale Hidro Termo-Izoluese. Euro Guaina Shpk","description":"Euro Guaina Shpk. Materiale Hidro Izoluese. Materiale Termo Hizoluese. PVC & TPO. Shitje me Shumic edhe Pakice. Ju Mirepresim!","robots":{"index":"index","follow":"follow","max-snippet":"max-snippet:-1","max-image-preview":"max-image-preview:large","max-video-preview":"max-video-preview:-1"},"canonical":"https:\/\/euroguaina.com\/index.php\/adezive\/","og_locale":"sq_AL","og_type":"article","og_title":"Adezive - Materiale Hidro Termo-Izoluese. Euro Guaina Shpk","og_description":"Euro Guaina Shpk. Materiale Hidro Izoluese. Materiale Termo Hizoluese. PVC & TPO. Shitje me Shumic edhe Pakice. Ju Mirepresim!","og_url":"https:\/\/euroguaina.com\/index.php\/adezive\/","og_site_name":"Materiale Hidro Termo-Izoluese. Euro Guaina Shpk","article_modified_time":"2020-06-03T14:36:19+00:00","twitter_card":"summary_large_image","twitter_misc":{"Est. reading time":"2 minutes"},"schema":{"@context":"https:\/\/schema.org","@graph":[{"@type":"WebPage","@id":"https:\/\/euroguaina.com\/index.php\/adezive\/","url":"https:\/\/euroguaina.com\/index.php\/adezive\/","name":"Adezive - Materiale Hidro Termo-Izoluese. Euro Guaina Shpk","isPartOf":{"@id":"http:\/\/euroguaina.com\/#website"},"datePublished":"2020-06-03T14:36:05+00:00","dateModified":"2020-06-03T14:36:19+00:00","description":"Euro Guaina Shpk. Materiale Hidro Izoluese. Materiale Termo Hizoluese. PVC & TPO. Shitje me Shumic edhe Pakice. Ju Mirepresim!","breadcrumb":{"@id":"https:\/\/euroguaina.com\/index.php\/adezive\/#breadcrumb"},"inLanguage":"sq-AL","potentialAction":[{"@type":"ReadAction","target":["https:\/\/euroguaina.com\/index.php\/adezive\/"]}]},{"@type":"BreadcrumbList","@id":"https:\/\/euroguaina.com\/index.php\/adezive\/#breadcrumb","itemListElement":[{"@type":"ListItem","position":1,"name":"Home","item":"http:\/\/euroguaina.com\/"},{"@type":"ListItem","position":2,"name":"Adezive"}]},{"@type":"WebSite","@id":"http:\/\/euroguaina.com\/#website","url":"http:\/\/euroguaina.com\/","name":"Materiale Hidro Termo-Izoluese. Euro Guaina Shpk","description":"Materiale PVC &amp; TPO, Membrana Bituminoze, Aksesore izolues, Aksesore Termoizolues","publisher":{"@id":"http:\/\/euroguaina.com\/#organization"},"potentialAction":[{"@type":"SearchAction","target":{"@type":"EntryPoint","urlTemplate":"http:\/\/euroguaina.com\/?s={search_term_string}"},"query-input":{"@type":"PropertyValueSpecification","valueRequired":true,"valueName":"search_term_string"}}],"inLanguage":"sq-AL"},{"@type":"Organization","@id":"http:\/\/euroguaina.com\/#organization","name":"Materiale Hidro Termo-Izoluese. Euro Guaina Shpk","url":"http:\/\/euroguaina.com\/","logo":{"@type":"ImageObject","inLanguage":"sq-AL","@id":"http:\/\/euroguaina.com\/#\/schema\/logo\/image\/","url":"http:\/\/euroguaina.com\/wp-content\/uploads\/2020\/05\/logo.png","contentUrl":"http:\/\/euroguaina.com\/wp-content\/uploads\/2020\/05\/logo.png","width":447,"height":90,"caption":"Materiale Hidro Termo-Izoluese. Euro Guaina Shpk"},"image":{"@id":"http:\/\/euroguaina.com\/#\/schema\/logo\/image\/"},"sameAs":["https:\/\/instagram.com\/euroguaina"]}]}},"_links":{"self":[{"href":"https:\/\/euroguaina.com\/index.php\/wp-json\/wp\/v2\/pages\/901"}],"collection":[{"href":"https:\/\/euroguaina.com\/index.php\/wp-json\/wp\/v2\/pages"}],"about":[{"href":"https:\/\/euroguaina.com\/index.php\/wp-json\/wp\/v2\/types\/page"}],"author":[{"embeddable":true,"href":"https:\/\/euroguaina.com\/index.php\/wp-json\/wp\/v2\/users\/1"}],"replies":[{"embeddable":true,"href":"https:\/\/euroguaina.com\/index.php\/wp-json\/wp\/v2\/comments?post=901"}],"version-history":[{"count":3,"href":"https:\/\/euroguaina.com\/index.php\/wp-json\/wp\/v2\/pages\/901\/revisions"}],"predecessor-version":[{"id":912,"href":"https:\/\/euroguaina.com\/index.php\/wp-json\/wp\/v2\/pages\/901\/revisions\/912"}],"wp:attachment":[{"href":"https:\/\/euroguaina.com\/index.php\/wp-json\/wp\/v2\/media?parent=901"}],"curies":[{"name":"wp","href":"https:\/\/api.w.org\/{rel}","templated":true}]}}